{"id":19,"date":"2019-01-29T21:54:19","date_gmt":"2019-01-29T21:54:19","guid":{"rendered":"http:\/\/catsandlace.de\/?page_id=19"},"modified":"2019-02-06T12:50:28","modified_gmt":"2019-02-06T12:50:28","slug":"about","status":"publish","type":"page","link":"https:\/\/catsandlace.de\/?page_id=19","title":{"rendered":"\u00dcber mich"},"content":{"rendered":"\n<p> &#8230; oder die Fotografin hinter der Kamera.<\/p>\n\n\n\n<ul class=\"wp-block-list\"><li>Kristina<\/li><li>Jahrgang 82<\/li><li>Berufung: Fotografie<\/li><li>Leidenschaft: Leben<\/li><li>Gl\u00fcck: Das L\u00e4cheln der Anderen<\/li><li>Freude: Tanzen<\/li><\/ul>\n\n\n\n<p>Dann sind da noch eine Ausbildung zur Fotografin, mehr als 10 Jahre Berufserfahrung und ein eigenes Studio in der Wittener Innenstadt.<\/p>\n\n\n\n<p>Nat\u00fcrlich jede Menge Spa\u00df am Beruf und an Menschen. Ich bin manchmal ein bi\u00dfchen frech&#8230;aber immer freundlich. Selbstverst\u00e4ndlich bringe ich die richtige Portion Humor und das K\u00f6nnen, einmalig sch\u00f6ne Bilder zu erschaffen, mit.<\/p>\n","protected":false},"excerpt":{"rendered":"<p>&#8230; oder die Fotografin hinter der Kamera. Kristina Jahrgang 82 Berufung: Fotografie Leidenschaft: Leben Gl\u00fcck: Das L\u00e4cheln der Anderen Freude: Tanzen Dann sind da noch eine Ausbildung zur Fotografin, mehr als 10 Jahre Berufserfahrung und ein eigenes Studio in der Wittener Innenstadt. Nat\u00fcrlich jede Menge Spa\u00df am Beruf und an Menschen. Ich bin manchmal ein &hellip; <\/p>\n<p class=\"link-more\"><a href=\"https:\/\/catsandlace.de\/?page_id=19\" class=\"more-link\">Continue reading<span class=\"screen-reader-text\"> &#8220;\u00dcber mich&#8221;<\/span><\/a><\/p>\n","protected":false},"author":1,"featured_media":52,"parent":0,"menu_order":0,"comment_status":"closed","ping_status":"closed","template":"","meta":{"footnotes":""},"class_list":["post-19","page","type-page","status-publish","has-post-thumbnail","hentry"],"_links":{"self":[{"href":"https:\/\/catsandlace.de\/index.php?rest_route=\/wp\/v2\/pages\/19","targetHints":{"allow":["GET"]}}],"collection":[{"href":"https:\/\/catsandlace.de\/index.php?rest_route=\/wp\/v2\/pages"}],"about":[{"href":"https:\/\/catsandlace.de\/index.php?rest_route=\/wp\/v2\/types\/page"}],"author":[{"embeddable":true,"href":"https:\/\/catsandlace.de\/index.php?rest_route=\/wp\/v2\/users\/1"}],"replies":[{"embeddable":true,"href":"https:\/\/catsandlace.de\/index.php?rest_route=%2Fwp%2Fv2%2Fcomments&post=19"}],"version-history":[{"count":6,"href":"https:\/\/catsandlace.de\/index.php?rest_route=\/wp\/v2\/pages\/19\/revisions"}],"predecessor-version":[{"id":179,"href":"https:\/\/catsandlace.de\/index.php?rest_route=\/wp\/v2\/pages\/19\/revisions\/179"}],"wp:featuredmedia":[{"embeddable":true,"href":"https:\/\/catsandlace.de\/index.php?rest_route=\/wp\/v2\/media\/52"}],"wp:attachment":[{"href":"https:\/\/catsandlace.de\/index.php?rest_route=%2Fwp%2Fv2%2Fmedia&parent=19"}],"curies":[{"name":"wp","href":"https:\/\/api.w.org\/{rel}","templated":true}]}}